{"id":126,"date":"2024-08-27T11:49:17","date_gmt":"2024-08-27T11:49:17","guid":{"rendered":"https:\/\/carnicassombria.com\/?page_id=126"},"modified":"2024-08-27T21:49:02","modified_gmt":"2024-08-27T21:49:02","slug":"politicas-de-privacidad","status":"publish","type":"page","link":"https:\/\/carnicassombria.com\/index.php\/politicas-de-privacidad\/","title":{"rendered":"Pol\u00edticas de privacidad"},"content":{"rendered":"\n<p>En C\u00e1rnicas Sombr\u00eda respetamos tu privacidad y estamos comprometidos a proteger tus datos personales. Recopilamos informaci\u00f3n personal como nombre, direcci\u00f3n, correo electr\u00f3nico y n\u00famero de tel\u00e9fono solo cuando la proporcionamos voluntariamente para construcci\u00f3n y decoraci\u00f3n.<\/p>\n\n\n\n<p>**Uso de los Datos Personales**<\/p>\n\n\n\n<p>Utilizamos tus datos personales s\u00f3lo para los fines para los que fueron proporcionados. No compartiremos tus datos con terceros sin tu consentimiento.<\/p>\n\n\n\n<p>**Seguridad de los Datos**<\/p>\n\n\n\n<p>Tomamos medidas de seguridad para proteger tus datos personales y garantizar su confidencialidad.<\/p>\n\n\n\n<p>**Derechos de Acceso, Rectificaci\u00f3n y Eliminaci\u00f3n**<\/p>\n\n\n\n<p>Tienes derecho a acceder, rectificar o eliminar tus datos personales. Si deseas ejercer estos derechos, cont\u00e1ctanos info@carnicassombria.com.<\/p>\n\n\n\n<p>**Cambios en la Pol\u00edtica de Privacidad**<\/p>\n\n\n\n<p>Nos reservamos el derecho de actualizar nuestra pol\u00edtica de privacidad en el futuro. Cualquier cambio se publicar\u00e1 en esta p\u00e1gina.<\/p>\n\n\n\n<p>Fecha de la \u00faltima actualizaci\u00f3n: 27\/08\/2024<\/p>\n","protected":false},"excerpt":{"rendered":"<p>En C\u00e1rnicas Sombr\u00eda respetamos tu privacidad y estamos comprometidos a proteger tus datos personales. Recopilamos informaci\u00f3n personal como nombre, direcci\u00f3n, correo electr\u00f3nico y n\u00famero de tel\u00e9fono<span class=\"excerpt-hellip\"> [\u2026]<\/span><\/p>\n","protected":false},"author":1,"featured_media":0,"parent":0,"menu_order":0,"comment_status":"closed","ping_status":"closed","template":"","meta":{"footnotes":""},"class_list":["post-126","page","type-page","status-publish","hentry"],"_links":{"self":[{"href":"https:\/\/carnicassombria.com\/index.php\/wp-json\/wp\/v2\/pages\/126","targetHints":{"allow":["GET"]}}],"collection":[{"href":"https:\/\/carnicassombria.com\/index.php\/wp-json\/wp\/v2\/pages"}],"about":[{"href":"https:\/\/carnicassombria.com\/index.php\/wp-json\/wp\/v2\/types\/page"}],"author":[{"embeddable":true,"href":"https:\/\/carnicassombria.com\/index.php\/wp-json\/wp\/v2\/users\/1"}],"replies":[{"embeddable":true,"href":"https:\/\/carnicassombria.com\/index.php\/wp-json\/wp\/v2\/comments?post=126"}],"version-history":[{"count":2,"href":"https:\/\/carnicassombria.com\/index.php\/wp-json\/wp\/v2\/pages\/126\/revisions"}],"predecessor-version":[{"id":131,"href":"https:\/\/carnicassombria.com\/index.php\/wp-json\/wp\/v2\/pages\/126\/revisions\/131"}],"wp:attachment":[{"href":"https:\/\/carnicassombria.com\/index.php\/wp-json\/wp\/v2\/media?parent=126"}],"curies":[{"name":"wp","href":"https:\/\/api.w.org\/{rel}","templated":true}]}}