{"id":124,"date":"2024-08-27T00:45:53","date_gmt":"2024-08-27T00:45:53","guid":{"rendered":"https:\/\/carnicassombria.com\/?page_id=124"},"modified":"2024-08-27T00:45:54","modified_gmt":"2024-08-27T00:45:54","slug":"accesibilidad","status":"publish","type":"page","link":"https:\/\/carnicassombria.com\/index.php\/accesibilidad\/","title":{"rendered":"Accesibilidad"},"content":{"rendered":"\n<p>Se ha comprometido a hacer accesible su sitio web, de conformidad con normativa WCAG 2.1 en materia de accesibilidad y que se utiliza como evidencia de la justificaci\u00f3n del criterio de accesibilidad del Programa Kit Digital. Est\u00e1 estructurado conforme a los anexos de la norma UNE-EN 301 549:2022. La presente declaraci\u00f3n de accesibilidad se aplica al sitio web <a href=\"https:\/\/carnicassombria.com\/\">carnicassombria.com<\/a><\/p>\n","protected":false},"excerpt":{"rendered":"<p>Se ha comprometido a hacer accesible su sitio web, de conformidad con normativa WCAG 2.1 en materia de accesibilidad y que se utiliza como evidencia de<span class=\"excerpt-hellip\"> [\u2026]<\/span><\/p>\n","protected":false},"author":1,"featured_media":0,"parent":0,"menu_order":0,"comment_status":"closed","ping_status":"closed","template":"","meta":{"footnotes":""},"class_list":["post-124","page","type-page","status-publish","hentry"],"_links":{"self":[{"href":"https:\/\/carnicassombria.com\/index.php\/wp-json\/wp\/v2\/pages\/124","targetHints":{"allow":["GET"]}}],"collection":[{"href":"https:\/\/carnicassombria.com\/index.php\/wp-json\/wp\/v2\/pages"}],"about":[{"href":"https:\/\/carnicassombria.com\/index.php\/wp-json\/wp\/v2\/types\/page"}],"author":[{"embeddable":true,"href":"https:\/\/carnicassombria.com\/index.php\/wp-json\/wp\/v2\/users\/1"}],"replies":[{"embeddable":true,"href":"https:\/\/carnicassombria.com\/index.php\/wp-json\/wp\/v2\/comments?post=124"}],"version-history":[{"count":1,"href":"https:\/\/carnicassombria.com\/index.php\/wp-json\/wp\/v2\/pages\/124\/revisions"}],"predecessor-version":[{"id":125,"href":"https:\/\/carnicassombria.com\/index.php\/wp-json\/wp\/v2\/pages\/124\/revisions\/125"}],"wp:attachment":[{"href":"https:\/\/carnicassombria.com\/index.php\/wp-json\/wp\/v2\/media?parent=124"}],"curies":[{"name":"wp","href":"https:\/\/api.w.org\/{rel}","templated":true}]}}